{"id":61,"date":"2024-09-23T14:50:16","date_gmt":"2024-09-23T07:50:16","guid":{"rendered":"https:\/\/gala.aquanets.com\/?page_id=61"},"modified":"2025-09-08T09:07:36","modified_gmt":"2025-09-08T02:07:36","slug":"lien-he","status":"publish","type":"page","link":"https:\/\/galactic-holdings.com\/en\/lien-he\/","title":{"rendered":"Contact Us"},"content":{"rendered":"<div data-elementor-type=\"wp-page\" data-elementor-id=\"61\" class=\"elementor elementor-61\" data-elementor-post-type=\"page\">\n\t\t\t\t<div class=\"elementor-element elementor-element-5f1ede4 alignfull e-flex e-con-boxed e-con e-parent\" data-id=\"5f1ede4\" data-element_type=\"container\" data-e-type=\"container\" data-settings=\"{&quot;background_background&quot;:&quot;classic&quot;}\">\n\t\t\t\t\t<div class=\"e-con-inner\">\n\t\t\t\t<div class=\"elementor-element elementor-element-c52e540 elementor-widget elementor-widget-heading\" data-id=\"c52e540\" data-element_type=\"widget\" data-e-type=\"widget\" data-widget_type=\"heading.default\">\n\t\t\t\t<div class=\"elementor-widget-container\">\n\t\t\t\t\t<h2 class=\"elementor-heading-title elementor-size-default\">Contact Us<\/h2>\t\t\t\t<\/div>\n\t\t\t\t<\/div>\n\t\t\t\t\t<\/div>\n\t\t\t\t<\/div>\n\t\t<div class=\"elementor-element elementor-element-c6093b5 alignfull e-flex e-con-boxed e-con e-parent\" data-id=\"c6093b5\" data-element_type=\"container\" data-e-type=\"container\" data-settings=\"{&quot;background_background&quot;:&quot;classic&quot;}\">\n\t\t\t\t\t<div class=\"e-con-inner\">\n\t\t<div class=\"elementor-element elementor-element-c2cc5f1 e-grid e-con-full e-con e-child\" data-id=\"c2cc5f1\" data-element_type=\"container\" data-e-type=\"container\">\n\t\t<div class=\"elementor-element elementor-element-badfd69 e-con-full e-flex e-con e-child\" data-id=\"badfd69\" data-element_type=\"container\" data-e-type=\"container\">\n\t\t\t\t<div class=\"elementor-element elementor-element-d0063f3 elementor-widget elementor-widget-heading\" data-id=\"d0063f3\" data-element_type=\"widget\" data-e-type=\"widget\" data-widget_type=\"heading.default\">\n\t\t\t\t<div class=\"elementor-widget-container\">\n\t\t\t\t\t<h2 class=\"elementor-heading-title elementor-size-default\">Contact Us<\/h2>\t\t\t\t<\/div>\n\t\t\t\t<\/div>\n\t\t\t\t<div class=\"elementor-element elementor-element-fd63332 elementor-widget__width-initial elementor-widget elementor-widget-text-editor\" data-id=\"fd63332\" data-element_type=\"widget\" data-e-type=\"widget\" data-widget_type=\"text-editor.default\">\n\t\t\t\t<div class=\"elementor-widget-container\">\n\t\t\t\t\t\t\t\t\t<p>Galactic Holdings is always ready to connect with all partners, creating a SUCCESSFUL and PROSPEROUS community. Committed to focusing on promoting health care products, creating job opportunities for society.<\/p>\t\t\t\t\t\t\t\t<\/div>\n\t\t\t\t<\/div>\n\t\t\t\t<div class=\"elementor-element elementor-element-80fa025 elementor-view-stacked elementor-position-inline-start elementor-shape-circle elementor-mobile-position-block-start elementor-widget elementor-widget-icon-box\" data-id=\"80fa025\" data-element_type=\"widget\" data-e-type=\"widget\" data-widget_type=\"icon-box.default\">\n\t\t\t\t<div class=\"elementor-widget-container\">\n\t\t\t\t\t\t\t<div class=\"elementor-icon-box-wrapper\">\n\n\t\t\t\t\t\t<div class=\"elementor-icon-box-icon\">\n\t\t\t\t<span  class=\"elementor-icon\">\n\t\t\t\t<svg aria-hidden=\"true\" class=\"e-font-icon-svg e-fas-phone\" viewbox=\"0 0 512 512\" xmlns=\"http:\/\/www.w3.org\/2000\/svg\"><path d=\"M493.4 24.6l-104-24c-11.3-2.6-22.9 3.3-27.5 13.9l-48 112c-4.2 9.8-1.4 21.3 6.9 28l60.6 49.6c-36 76.7-98.9 140.5-177.2 177.2l-49.6-60.6c-6.8-8.3-18.2-11.1-28-6.9l-112 48C3.9 366.5-2 378.1.6 389.4l24 104C27.1 504.2 36.7 512 48 512c256.1 0 464-207.5 464-464 0-11.2-7.7-20.9-18.6-23.4z\"><\/path><\/svg>\t\t\t\t<\/span>\n\t\t\t<\/div>\n\t\t\t\n\t\t\t\t\t\t<div class=\"elementor-icon-box-content\">\n\n\t\t\t\t\t\t\t\t\t<h3 class=\"elementor-icon-box-title\">\n\t\t\t\t\t\t<span  >\n\t\t\t\t\t\t\tPhone number\t\t\t\t\t\t<\/span>\n\t\t\t\t\t<\/h3>\n\t\t\t\t\n\t\t\t\t\t\t\t\t\t<p class=\"elementor-icon-box-description\">\n\t\t\t\t\t\t<a href=\"tel:1900636317\">1900 6363 17<\/a>\t\t\t\t\t<\/p>\n\t\t\t\t\n\t\t\t<\/div>\n\t\t\t\n\t\t<\/div>\n\t\t\t\t\t\t<\/div>\n\t\t\t\t<\/div>\n\t\t\t\t<div class=\"elementor-element elementor-element-3ffbf44 elementor-view-stacked elementor-position-inline-start elementor-shape-circle elementor-mobile-position-block-start elementor-widget elementor-widget-icon-box\" data-id=\"3ffbf44\" data-element_type=\"widget\" data-e-type=\"widget\" data-widget_type=\"icon-box.default\">\n\t\t\t\t<div class=\"elementor-widget-container\">\n\t\t\t\t\t\t\t<div class=\"elementor-icon-box-wrapper\">\n\n\t\t\t\t\t\t<div class=\"elementor-icon-box-icon\">\n\t\t\t\t<span  class=\"elementor-icon\">\n\t\t\t\t<svg aria-hidden=\"true\" class=\"e-font-icon-svg e-fas-map-marker-alt\" viewbox=\"0 0 384 512\" xmlns=\"http:\/\/www.w3.org\/2000\/svg\"><path d=\"M172.268 501.67C26.97 291.031 0 269.413 0 192 0 85.961 85.961 0 192 0s192 85.961 192 192c0 77.413-26.97 99.031-172.268 309.67-9.535 13.774-29.93 13.773-39.464 0zM192 272c44.183 0 80-35.817 80-80s-35.817-80-80-80-80 35.817-80 80 35.817 80 80 80z\"><\/path><\/svg>\t\t\t\t<\/span>\n\t\t\t<\/div>\n\t\t\t\n\t\t\t\t\t\t<div class=\"elementor-icon-box-content\">\n\n\t\t\t\t\t\t\t\t\t<h3 class=\"elementor-icon-box-title\">\n\t\t\t\t\t\t<span  >\n\t\t\t\t\t\t\tAddress\t\t\t\t\t\t<\/span>\n\t\t\t\t\t<\/h3>\n\t\t\t\t\n\t\t\t\t\t\t\t\t\t<p class=\"elementor-icon-box-description\">\n\t\t\t\t\t\t183c Nguy\u1ec5n V\u0103n \u0110\u1eadu, P.11, Q.B\u00ecnh Th\u1ea1nh, TP.HCM\t\t\t\t\t<\/p>\n\t\t\t\t\n\t\t\t<\/div>\n\t\t\t\n\t\t<\/div>\n\t\t\t\t\t\t<\/div>\n\t\t\t\t<\/div>\n\t\t\t\t<div class=\"elementor-element elementor-element-a2d0c20 elementor-view-stacked elementor-position-inline-start elementor-shape-circle elementor-mobile-position-block-start elementor-widget elementor-widget-icon-box\" data-id=\"a2d0c20\" data-element_type=\"widget\" data-e-type=\"widget\" data-widget_type=\"icon-box.default\">\n\t\t\t\t<div class=\"elementor-widget-container\">\n\t\t\t\t\t\t\t<div class=\"elementor-icon-box-wrapper\">\n\n\t\t\t\t\t\t<div class=\"elementor-icon-box-icon\">\n\t\t\t\t<span  class=\"elementor-icon\">\n\t\t\t\t<svg aria-hidden=\"true\" class=\"e-font-icon-svg e-far-envelope\" viewbox=\"0 0 512 512\" xmlns=\"http:\/\/www.w3.org\/2000\/svg\"><path d=\"M464 64H48C21.49 64 0 85.49 0 112v288c0 26.51 21.49 48 48 48h416c26.51 0 48-21.49 48-48V112c0-26.51-21.49-48-48-48zm0 48v40.805c-22.422 18.259-58.168 46.651-134.587 106.49-16.841 13.247-50.201 45.072-73.413 44.701-23.208.375-56.579-31.459-73.413-44.701C106.18 199.465 70.425 171.067 48 152.805V112h416zM48 400V214.398c22.914 18.251 55.409 43.862 104.938 82.646 21.857 17.205 60.134 55.186 103.062 54.955 42.717.231 80.509-37.199 103.053-54.947 49.528-38.783 82.032-64.401 104.947-82.653V400H48z\"><\/path><\/svg>\t\t\t\t<\/span>\n\t\t\t<\/div>\n\t\t\t\n\t\t\t\t\t\t<div class=\"elementor-icon-box-content\">\n\n\t\t\t\t\t\t\t\t\t<h3 class=\"elementor-icon-box-title\">\n\t\t\t\t\t\t<span  >\n\t\t\t\t\t\t\tEmail\t\t\t\t\t\t<\/span>\n\t\t\t\t\t<\/h3>\n\t\t\t\t\n\t\t\t\t\t\t\t\t\t<p class=\"elementor-icon-box-description\">\n\t\t\t\t\t\t<a href=\"mailto:support@galactic-holdings.com\">support@galactic-holdings.com<\/a>\t\t\t\t\t<\/p>\n\t\t\t\t\n\t\t\t<\/div>\n\t\t\t\n\t\t<\/div>\n\t\t\t\t\t\t<\/div>\n\t\t\t\t<\/div>\n\t\t\t\t<\/div>\n\t\t\t\t<div class=\"elementor-element elementor-element-192a453 elementor-widget elementor-widget-image\" data-id=\"192a453\" data-element_type=\"widget\" data-e-type=\"widget\" data-widget_type=\"image.default\">\n\t\t\t\t<div class=\"elementor-widget-container\">\n\t\t\t\t\t\t\t\t\t\t\t\t\t\t\t<img fetchpriority=\"high\" decoding=\"async\" width=\"417\" height=\"766\" src=\"https:\/\/galactic-holdings.com\/wp-content\/uploads\/2024\/09\/lifestyle-business-people-holding-laptop-computer-office-desk-1.png\" class=\"attachment-large size-large wp-image-1143\" alt=\"\" data-no-translation=\"\" \/>\t\t\t\t\t\t\t\t\t\t\t\t\t\t\t<\/div>\n\t\t\t\t<\/div>\n\t\t\t\t<\/div>\n\t\t<div class=\"elementor-element elementor-element-f5f1561 e-con-full contact-form-custom e-flex e-con e-child\" data-id=\"f5f1561\" data-element_type=\"container\" data-e-type=\"container\" data-settings=\"{&quot;background_background&quot;:&quot;classic&quot;}\">\n\t\t\t\t<div class=\"elementor-element elementor-element-12790e0 elementor-widget elementor-widget-heading\" data-id=\"12790e0\" data-element_type=\"widget\" data-e-type=\"widget\" data-widget_type=\"heading.default\">\n\t\t\t\t<div class=\"elementor-widget-container\">\n\t\t\t\t\t<h2 class=\"elementor-heading-title elementor-size-default\">Contact Us<\/h2>\t\t\t\t<\/div>\n\t\t\t\t<\/div>\n\t\t\t\t<div class=\"elementor-element elementor-element-d60ab7c elementor-widget elementor-widget-shortcode\" data-id=\"d60ab7c\" data-element_type=\"widget\" data-e-type=\"widget\" data-widget_type=\"shortcode.default\">\n\t\t\t\t<div class=\"elementor-widget-container\">\n\t\t\t\t\t\t\t<div class=\"elementor-shortcode\"><div class=\"forminator-ui forminator-custom-form forminator-custom-form-6232 forminator-design--default  forminator_ajax\" data-forminator-render=\"0\" data-form=\"forminator-module-6232\" data-uid=\"69d4ebae2f398\"><br\/><\/div><form\n\t\t\t\tid=\"forminator-module-6232\"\n\t\t\t\tclass=\"forminator-ui forminator-custom-form forminator-custom-form-6232 forminator-design--default  forminator_ajax\"\n\t\t\t\tmethod=\"post\"\n\t\t\t\tdata-forminator-render=\"0\"\n\t\t\t\tdata-form-id=\"6232\"\n\t\t\t\t data-color-option=\"theme\" data-design=\"default\" data-grid=\"open\" style=\"display: none;\"\n\t\t\t\tdata-uid=\"69d4ebae2f398\" action=\"\"\n\t\t\t><div role=\"alert\" aria-live=\"polite\" class=\"forminator-response-message forminator-error\" aria-hidden=\"true\"><\/div><div class=\"forminator-row\"><div id=\"name-1\" class=\"forminator-field-name forminator-col forminator-col-6\"><div class=\"forminator-field\"><input type=\"text\" name=\"name-1\" value=\"\" placeholder=\"Full Name\" id=\"forminator-field-name-1_69d4ebae2f398\" class=\"forminator-input forminator-name--field\" aria-required=\"true\" autocomplete=\"name\" \/><\/div><\/div><div id=\"email-1\" class=\"forminator-field-email forminator-col forminator-col-6\"><div class=\"forminator-field\"><input type=\"email\" name=\"email-1\" value=\"\" placeholder=\"Email\" id=\"forminator-field-email-1_69d4ebae2f398\" class=\"forminator-input forminator-email--field\" data-required=\"true\" aria-required=\"true\" autocomplete=\"email\" \/><\/div><\/div><\/div><div class=\"forminator-row\"><div id=\"phone-1\" class=\"forminator-field-phone forminator-col forminator-col-12\"><div class=\"forminator-field\"><input type=\"text\" name=\"phone-1\" value=\"\" placeholder=\"Phone Number\" id=\"forminator-field-phone-1_69d4ebae2f398\" class=\"forminator-input forminator-field--phone\" data-required=\"1\" aria-required=\"true\" autocomplete=\"off\" \/><\/div><\/div><\/div><div class=\"forminator-row\"><div id=\"textarea-1\" class=\"forminator-field-textarea forminator-col forminator-col-12\"><div class=\"forminator-field\"><textarea name=\"textarea-1\" placeholder=\"Message\" id=\"forminator-field-textarea-1_69d4ebae2f398\" class=\"forminator-textarea\" rows=\"6\" style=\"min-height:140px;\" ><\/textarea><\/div><\/div><\/div><div class=\"forminator-row\"><div id=\"captcha-1\" class=\"forminator-field-captcha forminator-col forminator-col-12\"><div class=\"forminator-captcha-left forminator-g-recaptcha\" data-theme=\"light\"  data-sitekey=\"6Ldak4ArAAAAAOG_FMySKrj8lCGfUl5x5Po5w3m3\" data-size=\"normal\"><\/div> <\/div><\/div><input type=\"hidden\" name=\"referer_url\" value=\"\" \/><div class=\"forminator-row forminator-row-last\"><div class=\"forminator-col\"><div class=\"forminator-field\"><button class=\"forminator-button forminator-button-submit\">SEE REAL-TIME RESULTS NOW<\/button><\/div><\/div><\/div><input type=\"hidden\" id=\"forminator_nonce\" name=\"forminator_nonce\" value=\"fd4997262e\" \/><input type=\"hidden\" name=\"_wp_http_referer\" value=\"\/en\/wp-json\/wp\/v2\/pages\/61\" \/><input type=\"hidden\" name=\"form_id\" value=\"6232\"><input type=\"hidden\" name=\"page_id\" value=\"61\"><input type=\"hidden\" name=\"form_type\" value=\"default\"><input type=\"hidden\" name=\"current_url\" value=\"https:\/\/galactic-holdings.com\/en\/lien-he\/\"><input type=\"hidden\" name=\"render_id\" value=\"0\"><input type=\"hidden\" name=\"action\" value=\"forminator_submit_form_custom-forms\"><label for=\"input_5\" class=\"forminator-hidden\" aria-hidden=\"true\">Please do not fill in this field. <input id=\"input_5\" type=\"text\" name=\"input_5\" value=\"\" autocomplete=\"off\"><\/label><input type=\"hidden\" name=\"trp-form-language\" value=\"en\"\/><\/form><\/div>\n\t\t\t\t\t\t<\/div>\n\t\t\t\t<\/div>\n\t\t\t\t<\/div>\n\t\t\t\t\t<\/div>\n\t\t\t\t<\/div>\n\t\t\t\t<\/div>","protected":false},"excerpt":{"rendered":"<p>Li\u00ean h\u1ec7 Li\u00ean h\u1ec7 v\u1edbi ch\u00fang t\u00f4i Galactic Holdings lu\u00f4n s\u1eb5n s\u00e0ng k\u1ebft n\u1ed1i v\u1edbi m\u1ecdi \u0111\u1ed1i t\u00e1c, ki\u1ebfn t\u1ea1o m\u1ed9t c\u1ed9ng \u0111\u1ed3ng TH\u00c0NH C\u00d4NG v\u00e0 TH\u1ecaNH V\u01af\u1ee2NG. Cam k\u1ebft t\u1eadp trung \u0111\u1ea9y m\u1ea1nh v\u00e0o c\u00e1c s\u1ea3n ph\u1ea9m ch\u0103m s\u00f3c s\u1ee9c kh\u1ecfe, t\u1ea1o d\u1ef1ng c\u01a1 h\u1ed9i vi\u1ec7c l\u00e0m cho x\u00e3 h\u1ed9i. \u0110i\u1ec7n tho\u1ea1i 1900 6363 [&hellip;]<\/p>\n","protected":false},"author":2,"featured_media":0,"parent":0,"menu_order":0,"comment_status":"closed","ping_status":"closed","template":"","meta":{"_acf_changed":false,"inline_featured_image":false,"site-container-style":"default","site-container-layout":"default","site-sidebar-layout":"default","site-transparent-header":"default","disable-article-header":"default","disable-site-header":"default","disable-site-footer":"default","disable-content-area-spacing":"default","footnotes":""},"class_list":["post-61","page","type-page","status-publish","hentry"],"acf":[],"yoast_head":"<!-- This site is optimized with the Yoast SEO plugin v27.3 - https:\/\/yoast.com\/product\/yoast-seo-wordpress\/ -->\n<title>Li\u00ean h\u1ec7 - GALACTIC HOLDINGS<\/title>\n<meta name=\"robots\" content=\"index, follow, max-snippet:-1, max-image-preview:large, max-video-preview:-1\" \/>\n<link rel=\"canonical\" href=\"https:\/\/galactic-holdings.com\/en\/lien-he\/\" \/>\n<meta property=\"og:locale\" content=\"en_US\" \/>\n<meta property=\"og:type\" content=\"article\" \/>\n<meta property=\"og:title\" content=\"Li\u00ean h\u1ec7 - GALACTIC HOLDINGS\" \/>\n<meta property=\"og:description\" content=\"Li\u00ean h\u1ec7 Li\u00ean h\u1ec7 v\u1edbi ch\u00fang t\u00f4i Galactic Holdings lu\u00f4n s\u1eb5n s\u00e0ng k\u1ebft n\u1ed1i v\u1edbi m\u1ecdi \u0111\u1ed1i t\u00e1c, ki\u1ebfn t\u1ea1o m\u1ed9t c\u1ed9ng \u0111\u1ed3ng TH\u00c0NH C\u00d4NG v\u00e0 TH\u1ecaNH V\u01af\u1ee2NG. Cam k\u1ebft t\u1eadp trung \u0111\u1ea9y m\u1ea1nh v\u00e0o c\u00e1c s\u1ea3n ph\u1ea9m ch\u0103m s\u00f3c s\u1ee9c kh\u1ecfe, t\u1ea1o d\u1ef1ng c\u01a1 h\u1ed9i vi\u1ec7c l\u00e0m cho x\u00e3 h\u1ed9i. \u0110i\u1ec7n tho\u1ea1i 1900 6363 [&hellip;]\" \/>\n<meta property=\"og:url\" content=\"https:\/\/galactic-holdings.com\/en\/lien-he\/\" \/>\n<meta property=\"og:site_name\" content=\"GALACTIC HOLDINGS\" \/>\n<meta property=\"article:modified_time\" content=\"2025-09-08T02:07:36+00:00\" \/>\n<meta property=\"og:image\" content=\"https:\/\/galactic-holdings.com\/wp-content\/uploads\/2024\/09\/lifestyle-business-people-holding-laptop-computer-office-desk-1.png\" \/>\n<meta name=\"twitter:card\" content=\"summary_large_image\" \/>\n<meta name=\"twitter:label1\" content=\"Est. reading time\" \/>\n\t<meta name=\"twitter:data1\" content=\"1 minute\" \/>\n<script type=\"application\/ld+json\" class=\"yoast-schema-graph\">{\"@context\":\"https:\\\/\\\/schema.org\",\"@graph\":[{\"@type\":\"WebPage\",\"@id\":\"https:\\\/\\\/galactic-holdings.com\\\/lien-he\\\/\",\"url\":\"https:\\\/\\\/galactic-holdings.com\\\/lien-he\\\/\",\"name\":\"Li\u00ean h\u1ec7 - GALACTIC HOLDINGS\",\"isPartOf\":{\"@id\":\"https:\\\/\\\/galactic-holdings.com\\\/#website\"},\"primaryImageOfPage\":{\"@id\":\"https:\\\/\\\/galactic-holdings.com\\\/lien-he\\\/#primaryimage\"},\"image\":{\"@id\":\"https:\\\/\\\/galactic-holdings.com\\\/lien-he\\\/#primaryimage\"},\"thumbnailUrl\":\"https:\\\/\\\/galactic-holdings.com\\\/wp-content\\\/uploads\\\/2024\\\/09\\\/lifestyle-business-people-holding-laptop-computer-office-desk-1.png\",\"datePublished\":\"2024-09-23T07:50:16+00:00\",\"dateModified\":\"2025-09-08T02:07:36+00:00\",\"breadcrumb\":{\"@id\":\"https:\\\/\\\/galactic-holdings.com\\\/lien-he\\\/#breadcrumb\"},\"inLanguage\":\"en-US\",\"potentialAction\":[{\"@type\":\"ReadAction\",\"target\":[\"https:\\\/\\\/galactic-holdings.com\\\/lien-he\\\/\"]}]},{\"@type\":\"ImageObject\",\"inLanguage\":\"en-US\",\"@id\":\"https:\\\/\\\/galactic-holdings.com\\\/lien-he\\\/#primaryimage\",\"url\":\"https:\\\/\\\/galactic-holdings.com\\\/wp-content\\\/uploads\\\/2024\\\/09\\\/lifestyle-business-people-holding-laptop-computer-office-desk-1.png\",\"contentUrl\":\"https:\\\/\\\/galactic-holdings.com\\\/wp-content\\\/uploads\\\/2024\\\/09\\\/lifestyle-business-people-holding-laptop-computer-office-desk-1.png\"},{\"@type\":\"BreadcrumbList\",\"@id\":\"https:\\\/\\\/galactic-holdings.com\\\/lien-he\\\/#breadcrumb\",\"itemListElement\":[{\"@type\":\"ListItem\",\"position\":1,\"name\":\"Trang ch\u1ee7\",\"item\":\"https:\\\/\\\/galactic-holdings.com\\\/\"},{\"@type\":\"ListItem\",\"position\":2,\"name\":\"Li\u00ean h\u1ec7\"}]},{\"@type\":\"WebSite\",\"@id\":\"https:\\\/\\\/galactic-holdings.com\\\/#website\",\"url\":\"https:\\\/\\\/galactic-holdings.com\\\/\",\"name\":\"GALACTIC HOLDINGS\",\"description\":\"\",\"publisher\":{\"@id\":\"https:\\\/\\\/galactic-holdings.com\\\/#organization\"},\"alternateName\":\"GALACTIC HOLDINGS\",\"potentialAction\":[{\"@type\":\"SearchAction\",\"target\":{\"@type\":\"EntryPoint\",\"urlTemplate\":\"https:\\\/\\\/galactic-holdings.com\\\/?s={search_term_string}\"},\"query-input\":{\"@type\":\"PropertyValueSpecification\",\"valueRequired\":true,\"valueName\":\"search_term_string\"}}],\"inLanguage\":\"en-US\"},{\"@type\":\"Organization\",\"@id\":\"https:\\\/\\\/galactic-holdings.com\\\/#organization\",\"name\":\"GALACTIC HOLDINGS\",\"url\":\"https:\\\/\\\/galactic-holdings.com\\\/\",\"logo\":{\"@type\":\"ImageObject\",\"inLanguage\":\"en-US\",\"@id\":\"https:\\\/\\\/galactic-holdings.com\\\/#\\\/schema\\\/logo\\\/image\\\/\",\"url\":\"https:\\\/\\\/galactic-holdings.com\\\/wp-content\\\/uploads\\\/2024\\\/09\\\/logo-sticky-2.png\",\"contentUrl\":\"https:\\\/\\\/galactic-holdings.com\\\/wp-content\\\/uploads\\\/2024\\\/09\\\/logo-sticky-2.png\",\"width\":267,\"height\":60,\"caption\":\"GALACTIC HOLDINGS\"},\"image\":{\"@id\":\"https:\\\/\\\/galactic-holdings.com\\\/#\\\/schema\\\/logo\\\/image\\\/\"}}]}<\/script>\n<!-- \/ Yoast SEO plugin. -->","yoast_head_json":{"title":"Li\u00ean h\u1ec7 - GALACTIC HOLDINGS","robots":{"index":"index","follow":"follow","max-snippet":"max-snippet:-1","max-image-preview":"max-image-preview:large","max-video-preview":"max-video-preview:-1"},"canonical":"https:\/\/galactic-holdings.com\/en\/lien-he\/","og_locale":"en_US","og_type":"article","og_title":"Li\u00ean h\u1ec7 - GALACTIC HOLDINGS","og_description":"Li\u00ean h\u1ec7 Li\u00ean h\u1ec7 v\u1edbi ch\u00fang t\u00f4i Galactic Holdings lu\u00f4n s\u1eb5n s\u00e0ng k\u1ebft n\u1ed1i v\u1edbi m\u1ecdi \u0111\u1ed1i t\u00e1c, ki\u1ebfn t\u1ea1o m\u1ed9t c\u1ed9ng \u0111\u1ed3ng TH\u00c0NH C\u00d4NG v\u00e0 TH\u1ecaNH V\u01af\u1ee2NG. Cam k\u1ebft t\u1eadp trung \u0111\u1ea9y m\u1ea1nh v\u00e0o c\u00e1c s\u1ea3n ph\u1ea9m ch\u0103m s\u00f3c s\u1ee9c kh\u1ecfe, t\u1ea1o d\u1ef1ng c\u01a1 h\u1ed9i vi\u1ec7c l\u00e0m cho x\u00e3 h\u1ed9i. \u0110i\u1ec7n tho\u1ea1i 1900 6363 [&hellip;]","og_url":"https:\/\/galactic-holdings.com\/en\/lien-he\/","og_site_name":"GALACTIC HOLDINGS","article_modified_time":"2025-09-08T02:07:36+00:00","og_image":[{"url":"https:\/\/galactic-holdings.com\/wp-content\/uploads\/2024\/09\/lifestyle-business-people-holding-laptop-computer-office-desk-1.png","type":"","width":"","height":""}],"twitter_card":"summary_large_image","twitter_misc":{"Est. reading time":"1 minute"},"schema":{"@context":"https:\/\/schema.org","@graph":[{"@type":"WebPage","@id":"https:\/\/galactic-holdings.com\/lien-he\/","url":"https:\/\/galactic-holdings.com\/lien-he\/","name":"Li\u00ean h\u1ec7 - GALACTIC HOLDINGS","isPartOf":{"@id":"https:\/\/galactic-holdings.com\/#website"},"primaryImageOfPage":{"@id":"https:\/\/galactic-holdings.com\/lien-he\/#primaryimage"},"image":{"@id":"https:\/\/galactic-holdings.com\/lien-he\/#primaryimage"},"thumbnailUrl":"https:\/\/galactic-holdings.com\/wp-content\/uploads\/2024\/09\/lifestyle-business-people-holding-laptop-computer-office-desk-1.png","datePublished":"2024-09-23T07:50:16+00:00","dateModified":"2025-09-08T02:07:36+00:00","breadcrumb":{"@id":"https:\/\/galactic-holdings.com\/lien-he\/#breadcrumb"},"inLanguage":"en-US","potentialAction":[{"@type":"ReadAction","target":["https:\/\/galactic-holdings.com\/lien-he\/"]}]},{"@type":"ImageObject","inLanguage":"en-US","@id":"https:\/\/galactic-holdings.com\/lien-he\/#primaryimage","url":"https:\/\/galactic-holdings.com\/wp-content\/uploads\/2024\/09\/lifestyle-business-people-holding-laptop-computer-office-desk-1.png","contentUrl":"https:\/\/galactic-holdings.com\/wp-content\/uploads\/2024\/09\/lifestyle-business-people-holding-laptop-computer-office-desk-1.png"},{"@type":"BreadcrumbList","@id":"https:\/\/galactic-holdings.com\/lien-he\/#breadcrumb","itemListElement":[{"@type":"ListItem","position":1,"name":"Trang ch\u1ee7","item":"https:\/\/galactic-holdings.com\/"},{"@type":"ListItem","position":2,"name":"Li\u00ean h\u1ec7"}]},{"@type":"WebSite","@id":"https:\/\/galactic-holdings.com\/#website","url":"https:\/\/galactic-holdings.com\/","name":"GALACTIC HOLDINGS","description":"","publisher":{"@id":"https:\/\/galactic-holdings.com\/#organization"},"alternateName":"GALACTIC HOLDINGS","potentialAction":[{"@type":"SearchAction","target":{"@type":"EntryPoint","urlTemplate":"https:\/\/galactic-holdings.com\/?s={search_term_string}"},"query-input":{"@type":"PropertyValueSpecification","valueRequired":true,"valueName":"search_term_string"}}],"inLanguage":"en-US"},{"@type":"Organization","@id":"https:\/\/galactic-holdings.com\/#organization","name":"GALACTIC HOLDINGS","url":"https:\/\/galactic-holdings.com\/","logo":{"@type":"ImageObject","inLanguage":"en-US","@id":"https:\/\/galactic-holdings.com\/#\/schema\/logo\/image\/","url":"https:\/\/galactic-holdings.com\/wp-content\/uploads\/2024\/09\/logo-sticky-2.png","contentUrl":"https:\/\/galactic-holdings.com\/wp-content\/uploads\/2024\/09\/logo-sticky-2.png","width":267,"height":60,"caption":"GALACTIC HOLDINGS"},"image":{"@id":"https:\/\/galactic-holdings.com\/#\/schema\/logo\/image\/"}}]}},"_links":{"self":[{"href":"https:\/\/galactic-holdings.com\/en\/wp-json\/wp\/v2\/pages\/61","targetHints":{"allow":["GET"]}}],"collection":[{"href":"https:\/\/galactic-holdings.com\/en\/wp-json\/wp\/v2\/pages"}],"about":[{"href":"https:\/\/galactic-holdings.com\/en\/wp-json\/wp\/v2\/types\/page"}],"author":[{"embeddable":true,"href":"https:\/\/galactic-holdings.com\/en\/wp-json\/wp\/v2\/users\/2"}],"replies":[{"embeddable":true,"href":"https:\/\/galactic-holdings.com\/en\/wp-json\/wp\/v2\/comments?post=61"}],"version-history":[{"count":128,"href":"https:\/\/galactic-holdings.com\/en\/wp-json\/wp\/v2\/pages\/61\/revisions"}],"predecessor-version":[{"id":6235,"href":"https:\/\/galactic-holdings.com\/en\/wp-json\/wp\/v2\/pages\/61\/revisions\/6235"}],"wp:attachment":[{"href":"https:\/\/galactic-holdings.com\/en\/wp-json\/wp\/v2\/media?parent=61"}],"curies":[{"name":"wp","href":"https:\/\/api.w.org\/{rel}","templated":true}]}}